{"id":118,"date":"2016-09-14T12:46:31","date_gmt":"2016-09-14T10:46:31","guid":{"rendered":"http:\/\/mocnedata.sk\/en\/pohlad-inych-crm-autorov\/"},"modified":"2016-11-22T07:25:00","modified_gmt":"2016-11-22T06:25:00","slug":"view-other-crm-authors","status":"publish","type":"page","link":"https:\/\/mocnedata.sk\/en\/view-other-crm-authors\/","title":{"rendered":"Views of other CRM authors"},"content":{"rendered":"<p>&nbsp;<\/p>\n<h3><img loading=\"lazy\" class=\"alignleft wp-image-207\" src=\"http:\/\/mocnedata.sk\/wp-content\/uploads\/2016\/09\/persons_HRACHOVEC_Radek.jpg\" alt=\"persons_hrachovec_radek\" width=\"165\" height=\"165\" srcset=\"https:\/\/mocnedata.sk\/wp-content\/uploads\/2016\/09\/persons_HRACHOVEC_Radek.jpg 200w, https:\/\/mocnedata.sk\/wp-content\/uploads\/2016\/09\/persons_HRACHOVEC_Radek-150x150.jpg 150w\" sizes=\"(max-width: 165px) 100vw, 165px\" \/><\/h3>\n<h3><span style=\"color: #3366ff;\">Radek Hrachovec<\/span><\/h3>\n<p>Do you need advise or inspiration with relation to your loyalty program? Blogs of Radek Hrachovec are the most worthy choices in CEE region in that regard.\u00a0Not only was he the manager of several successful loyalty schemes, but his brisk insights into CRM topics qualify him year after year to take part in international juries judging the efficiency of loyalty programs.<\/p>\n<div class=\"social-buttons\"><a href=\"https:\/\/radekhrachovec.com\/\" target=\"_blank\"><i class=\"fa fa-globe\" aria-hidden=\"true\"><\/i>Web<\/a><a href=\"https:\/\/cz.linkedin.com\/in\/radekhrachovec\" target=\"_blank\"><i class=\"fa fa-linkedin-square\" aria-hidden=\"true\"><\/i>LinkedIn<\/a><a href=\"https:\/\/twitter.com\/RadekOnLoyalty\" target=\"_blank\"><i class=\"fa fa-twitter-square\" aria-hidden=\"true\"><\/i>Twitter<\/a><\/div>\n<hr \/>\n<h3><img loading=\"lazy\" class=\"alignleft wp-image-204\" src=\"http:\/\/mocnedata.sk\/wp-content\/uploads\/2016\/10\/persons_FUSEK_PETER-300x300.jpg\" alt=\"persons_fusek_peter\" width=\"170\" height=\"170\" srcset=\"https:\/\/mocnedata.sk\/wp-content\/uploads\/2016\/10\/persons_FUSEK_PETER-300x300.jpg 300w, https:\/\/mocnedata.sk\/wp-content\/uploads\/2016\/10\/persons_FUSEK_PETER-150x150.jpg 150w, https:\/\/mocnedata.sk\/wp-content\/uploads\/2016\/10\/persons_FUSEK_PETER.jpg 400w\" sizes=\"(max-width: 170px) 100vw, 170px\" \/><\/h3>\n<h3><strong><span style=\"color: #3366ff;\">Peter Fusek<\/span><\/strong><\/h3>\n<p>Extensive experience in Banking sector and passion for Telco industry\u00a0are forged\u00a0by Peter into one of the first, real Big Data services\u00a0in Slovakia. In his blogs he serves examples of\u00a0Data Monetization\u00a0and modern ways of data processing. But make no mistake, Peter is gladly apt to answer any question from\u00a0&#8220;traditional&#8221; CRM space with similar passion.<\/p>\n<div class=\"social-buttons\"><a href=\"http:\/\/www.adastra-partnering.com\/news\/\" target=\"_blank\"><i class=\"fa fa-globe\" aria-hidden=\"true\"><\/i>Web<\/a><a href=\"https:\/\/sk.linkedin.com\/in\/peterfusek\" target=\"_blank\"><i class=\"fa fa-linkedin-square\" aria-hidden=\"true\"><\/i>LinkedIn<\/a><a href=\"https:\/\/twitter.com\/fpetko\" target=\"_blank\"><i class=\"fa fa-twitter-square\" aria-hidden=\"true\"><\/i>Twitter<\/a><\/div>\n<hr \/>\n<h3><img loading=\"lazy\" class=\"alignleft wp-image-208\" src=\"http:\/\/mocnedata.sk\/wp-content\/uploads\/2016\/09\/person_KRISTAK_peter.jpg\" alt=\"person_kristak_peter\" width=\"171\" height=\"171\" srcset=\"https:\/\/mocnedata.sk\/wp-content\/uploads\/2016\/09\/person_KRISTAK_peter.jpg 200w, https:\/\/mocnedata.sk\/wp-content\/uploads\/2016\/09\/person_KRISTAK_peter-150x150.jpg 150w\" sizes=\"(max-width: 171px) 100vw, 171px\" \/><\/h3>\n<h3><span style=\"color: #3366ff;\">Peter Kri\u0161\u0165\u00e1k<\/span><\/h3>\n<p>CRM and client data processing has mushroomed into several distinct areas over time. Pricing-literacy standard is being regularly elevated\u00a0\u00a0by blogs of\u00a0Peter Kri\u0161t\u00e1k. His brisk writing style makes you quickly zero on pothole of your business costing you missed or leaked revenue and profits. Peter&#8217;s ideas are must read for any entrepreneurs striving to set their own prices.<\/p>\n<div class=\"social-buttons\"><a href=\"https:\/\/www.linkedin.com\/today\/author\/0_2si2xIiYpefv_T4QoZ6KrC?trk=mp-reader-h\" target=\"_blank\"><i class=\"fa fa-globe\" aria-hidden=\"true\"><\/i>Web<\/a><a href=\"https:\/\/sk.linkedin.com\/in\/peterkristak\" target=\"_blank\"><i class=\"fa fa-linkedin-square\" aria-hidden=\"true\"><\/i>LinkedIn<\/a><a href=\"https:\/\/twitter.com\/PricewiseTeam\" target=\"_blank\"><i class=\"fa fa-twitter-square\" aria-hidden=\"true\"><\/i>Twitter<\/a><\/div>\n<hr \/>\n<h2 style=\"text-align: center;\"><\/h2>\n<h3><\/h3>\n","protected":false},"excerpt":{"rendered":"<p>&nbsp; Radek Hrachovec Do you need advise or inspiration with relation to your loyalty program? Blogs of Radek Hrachovec are the most worthy choices in CEE region in that regard.\u00a0Not&#8230;<\/p>\n","protected":false},"author":1,"featured_media":0,"parent":0,"menu_order":0,"comment_status":"closed","ping_status":"closed","template":"","meta":{"spay_email":""},"jetpack_sharing_enabled":true,"jetpack-related-posts":[],"_links":{"self":[{"href":"https:\/\/mocnedata.sk\/en\/wp-json\/wp\/v2\/pages\/118"}],"collection":[{"href":"https:\/\/mocnedata.sk\/en\/wp-json\/wp\/v2\/pages"}],"about":[{"href":"https:\/\/mocnedata.sk\/en\/wp-json\/wp\/v2\/types\/page"}],"author":[{"embeddable":true,"href":"https:\/\/mocnedata.sk\/en\/wp-json\/wp\/v2\/users\/1"}],"replies":[{"embeddable":true,"href":"https:\/\/mocnedata.sk\/en\/wp-json\/wp\/v2\/comments?post=118"}],"version-history":[{"count":4,"href":"https:\/\/mocnedata.sk\/en\/wp-json\/wp\/v2\/pages\/118\/revisions"}],"predecessor-version":[{"id":481,"href":"https:\/\/mocnedata.sk\/en\/wp-json\/wp\/v2\/pages\/118\/revisions\/481"}],"wp:attachment":[{"href":"https:\/\/mocnedata.sk\/en\/wp-json\/wp\/v2\/media?parent=118"}],"curies":[{"name":"wp","href":"https:\/\/api.w.org\/{rel}","templated":true}]}}